{"id":1930,"date":"2023-04-20T06:36:22","date_gmt":"2023-04-20T06:36:22","guid":{"rendered":"https:\/\/futureskillsnavigator.com\/newsletter-subscription\/"},"modified":"2023-04-26T07:41:41","modified_gmt":"2023-04-26T07:41:41","slug":"newsletter-subscription","status":"publish","type":"page","link":"https:\/\/futureskillsnavigator.com\/en\/newsletter-subscription\/","title":{"rendered":"Newsletter subscription"},"content":{"rendered":"<section class=\"wpb-content-wrapper\"><p>[vc_row css=&#8221;.vc_custom_1481236650908{margin-top: 100px !important;margin-bottom: 100px !important;}&#8221;][vc_column width=&#8221;1\/2&#8243; css=&#8221;.vc_custom_1476030875969{padding-right: 20px !important;}&#8221;][vc_column_text]<\/p>\n<h5>DON&#8217;T MISS ANY NEWS FROM THE FUTURE SKILLS NAVIGATOR<\/h5>\n<p>We will inform you about every two months.<\/p>\n<p>In case you are already registered with us with your mail address. as a participant in a webinar, you will not receive another email after your registration.[\/vc_column_text][\/vc_column][vc_column width=&#8221;1\/2&#8243; css=&#8221;.vc_custom_1476030881601{padding-left: 20px !important;}&#8221;]<div class=\"ult-spacer spacer-69dedf4468ff9\" data-id=\"69dedf4468ff9\" data-height=\"0\" data-height-mobile=\"40\" data-height-tab=\"\" data-height-tab-portrait=\"\" data-height-mobile-landscape=\"40\" style=\"clear:both;display:block;\"><\/div>[vc_column_text]<script>(function() {\n\twindow.mc4wp = window.mc4wp || {\n\t\tlisteners: [],\n\t\tforms: {\n\t\t\ton: function(evt, cb) {\n\t\t\t\twindow.mc4wp.listeners.push(\n\t\t\t\t\t{\n\t\t\t\t\t\tevent   : evt,\n\t\t\t\t\t\tcallback: cb\n\t\t\t\t\t}\n\t\t\t\t);\n\t\t\t}\n\t\t}\n\t}\n})();\n<\/script><!-- Mailchimp for WordPress v4.12.1 - https:\/\/wordpress.org\/plugins\/mailchimp-for-wp\/ --><form id=\"mc4wp-form-1\" class=\"mc4wp-form mc4wp-form-1017\" method=\"post\" data-id=\"1017\" data-name=\"Anmeldung\" ><div class=\"mc4wp-form-fields\"><h6 class=\"skills\">E-Mail \/ email address (*)<\/h6>\r\n  <input type=\"email\" name=\"EMAIL\" required \/>\r\n\r\n<br\/>\r\n\r\n<h6 class=\"skills\">Vorname \/ first name<\/h6>\r\n  <input type=\"text\" name=\"FNAME\" \/>\r\n  \r\n<br\/>\r\n\r\n<h6 class=\"skills\">Nachname \/ last name<\/h6>\r\n  <input type=\"text\" name=\"LNAME\" \/>\r\n  \r\n<br\/>\r\n\r\n\r\n<h6 class=\"skills\">Einverst\u00e4ndnis \/ Consent (*)<\/h6>\r\n\r\n\r\n<input type=\"checkbox\" id=\"consent\" name=\"consent\" value=\"yes\" required>\r\n<p>Ich m\u00f6chte auf die Future Skills Navigator-Downloads zugreifen und bin damit einverstanden, dass Sie mich regelm\u00e4\u00dfig \u00fcber neue Entwicklungen und Tools rund um den Future Skills Navigator per E-Mail informieren.<br\/>\r\nI would like to access the Future Skills Navigator downloads and I agree that you will inform me regularly by e-mail about new developments and tools relating to the Future Skills Navigator.<\/p>\r\n  \r\n<p>Ich kann jederzeit form- und kostenlos widersprechen. N\u00e4heres entnehmen Sie bitte unserer <a href=\"https:\/\/futureskillsnavigator.com\/de\/datenschutz\/\" target=\"_blank\"><u>Datenschutzerkl\u00e4rung<\/u><\/a>.<br\/>\r\nI can object formally and free of charge at any time. For more information, please refer to our <a href=\"https:\/\/futureskillsnavigator.com\/en\/datenschutz\/\" target=\"_blank\"><u>privacy policy<\/u><\/a>.<\/p>\r\n\r\n<br\/>\r\n \r\n  <input type=\"submit\" value=\"Anmelden \/ Register\">\r\n  <\/div><label style=\"display: none !important;\">Leave this field empty if you're human: <input type=\"text\" name=\"_mc4wp_honeypot\" value=\"\" tabindex=\"-1\" autocomplete=\"off\" \/><\/label><input type=\"hidden\" name=\"_mc4wp_timestamp\" value=\"1776213828\" \/><input type=\"hidden\" name=\"_mc4wp_form_id\" value=\"1017\" \/><input type=\"hidden\" name=\"_mc4wp_form_element_id\" value=\"mc4wp-form-1\" \/><div class=\"mc4wp-response\"><\/div><\/form><!-- \/ Mailchimp for WordPress Plugin -->[\/vc_column_text][\/vc_column][\/vc_row]<\/p>\n<\/section>","protected":false},"excerpt":{"rendered":"<p>[vc_row css=&#8221;.vc_custom_1481236650908{margin-top: 100px !important;margin-bottom: 100px !important;}&#8221;][vc_column width=&#8221;1\/2&#8243; css=&#8221;.vc_custom_1476030875969{padding-right: 20px !important;}&#8221;][vc_column_text] DON&#8217;T MISS ANY NEWS FROM THE FUTURE SKILLS NAVIGATOR We will inform you about every two months. In case you are already registered with us with your mail address. as a participant in a webinar, you will not receive another email after your registration.[\/vc_column_text][\/vc_column][vc_column width=&#8221;1\/2&#8243; [&hellip;]<\/p>\n","protected":false},"author":1,"featured_media":0,"parent":0,"menu_order":0,"comment_status":"closed","ping_status":"closed","template":"page.php","meta":{"footnotes":""},"folder":[63],"class_list":["post-1930","page","type-page","status-publish","hentry"],"_links":{"self":[{"href":"https:\/\/futureskillsnavigator.com\/en\/wp-json\/wp\/v2\/pages\/1930","targetHints":{"allow":["GET"]}}],"collection":[{"href":"https:\/\/futureskillsnavigator.com\/en\/wp-json\/wp\/v2\/pages"}],"about":[{"href":"https:\/\/futureskillsnavigator.com\/en\/wp-json\/wp\/v2\/types\/page"}],"author":[{"embeddable":true,"href":"https:\/\/futureskillsnavigator.com\/en\/wp-json\/wp\/v2\/users\/1"}],"replies":[{"embeddable":true,"href":"https:\/\/futureskillsnavigator.com\/en\/wp-json\/wp\/v2\/comments?post=1930"}],"version-history":[{"count":2,"href":"https:\/\/futureskillsnavigator.com\/en\/wp-json\/wp\/v2\/pages\/1930\/revisions"}],"predecessor-version":[{"id":1932,"href":"https:\/\/futureskillsnavigator.com\/en\/wp-json\/wp\/v2\/pages\/1930\/revisions\/1932"}],"wp:attachment":[{"href":"https:\/\/futureskillsnavigator.com\/en\/wp-json\/wp\/v2\/media?parent=1930"}],"wp:term":[{"taxonomy":"folder","embeddable":true,"href":"https:\/\/futureskillsnavigator.com\/en\/wp-json\/wp\/v2\/folder?post=1930"}],"curies":[{"name":"wp","href":"https:\/\/api.w.org\/{rel}","templated":true}]}}