{"id":1714,"date":"2023-01-15T23:50:27","date_gmt":"2023-01-15T23:50:27","guid":{"rendered":"https:\/\/futureskillsnavigator.com\/?page_id=1714"},"modified":"2023-01-16T02:17:19","modified_gmt":"2023-01-16T02:17:19","slug":"download-in-kuerze-verfuegbar","status":"publish","type":"page","link":"https:\/\/futureskillsnavigator.com\/de\/download-in-kuerze-verfuegbar\/","title":{"rendered":"Download in K\u00fcrze verf\u00fcgbar"},"content":{"rendered":"<section class=\"wpb-content-wrapper\"><p>[vc_row][vc_column][vc_custom_heading text=&#8220;IHR DOWNLOAD IST IN WENIGEN TAGEN VERF\u00dcGBAR&#8220; font_container=&#8220;tag:h4|text_align:center|color:%23ffffff&#8220; use_theme_fonts=&#8220;yes&#8220;][vc_column_text]<\/p>\n<h5>Die \u00dcbungen zu dieser Skill-Klasse stellen wir in wenigen Tagen zur Verf\u00fcgung.<\/h5>\n<h5>W\u00e4hlen Sie solange doch eine andere Skill-Klasse aus!<\/h5>\n<p>[\/vc_column_text][vc_empty_space height=&#8220;40&#8243;]<style type='text\/css'>#cbpw-wrap76 {margin:0px 0px 0px 0px;}#cbpw-grid76 .cbp-l-caption-title {color:#fff;background-color:transparent;font-size:18px;font-family:Mulish;font-weight:800;font-style:normal;line-height:20px;text-align:center;padding:0px 0px 0px 0px;margin:27% 0px 0px 0px;text-transform:none;}#cbpw-grid76 .cbp-l-caption-desc {color:#ababab;background-color:transparent;font-size:13px;font-family:Mulish;font-weight:400;font-style:normal;line-height:13px;text-align:center;padding:0px 0px 0px 0px;margin:5px 0px 0px 0px;text-transform:none;}#cbpw-grid76 .cbp-caption-activeWrap {background-color:#101010;}#cbpw-filters53 .cbp-filter-item {background-color:transparent;border-width:0px;border-style:none;border-color:transparent;border-radius:0;color:#949494;font-size:13px;font-family:Open Sans;font-weight:600;font-style:normal;line-height:21px;margin:0px 0px 10px 0px;padding:0px 12px 0px 12px;text-transform:uppercase;}#cbpw-filters53 .cbp-filter-item:hover {background-color:transparent;border-width:0px;border-style:none;border-color:transparent;border-radius:0;color:#1f1f1f;font-size:13px;font-family:Open Sans;font-weight:600;font-style:normal;line-height:21px;margin:0px 0px 10px 0px;padding:0px 12px 0px 12px;text-transform:uppercase;}#cbpw-filters53 .cbp-filter-item.cbp-filter-item-active {background-color:transparent;border-width:0px;border-style:none;border-color:transparent;border-radius:0;color:#1f1f1f;font-size:13px;font-family:Open Sans;font-weight:600;font-style:normal;line-height:21px;margin:0px 0px 10px 0px;padding:0px 12px 0px 12px;text-transform:uppercase;}#cbpw-filters53 .cbp-filter-item.cbp-filter-item-active:hover {background-color:transparent;border-width:0px;border-style:none;border-color:transparent;border-radius:0;color:#1f1f1f;font-size:13px;font-family:Open Sans;font-weight:600;font-style:normal;line-height:21px;margin:0px 0px 10px 0px;padding:0px 12px 0px 12px;text-transform:uppercase;}#cbpw-filters53 .cbp-filter-counter {background-color:#626161;color:#fff;font-size:11px;font-family:Open Sans,sans-serif;font-weight:400;font-style:normal;line-height:18px;padding:4px 0px 4px 0px;}#cbpw-filters53 .cbp-filter-counter:after {border-color:#626161 transparent;}#cbpw-loadMore76 .cbp-l-loadMore-link {color:#212121;background-color:transparent;border-width:2px 2px 2px 2px;border-style:solid;border-color:#303030;font-size:12px;font-family:Montserrat,sans-serif;font-weight:600;font-style:normal;line-height:34px;text-align:center;padding:0px 30px 0px 30px;margin:40px 0px 0px 0px;text-transform:none;}#cbpw-loadMore76 .cbp-l-loadMore-link:hover {color:#212121;background-color:transparent;border-width:2px 2px 2px 2px;border-style:solid;border-color:#303030;font-size:12px;font-family:Montserrat,sans-serif;font-weight:600;font-style:normal;line-height:34px;text-align:center;padding:0px 30px 0px 30px;margin:40px 0px 0px 0px;text-transform:none;}#cbpw-loadMore76 .cbp-l-loadMore-loading {color:#212121;background-color:transparent;border-width:2px 2px 2px 2px;border-style:solid;border-color:#303030;font-size:12px;font-family:Montserrat,sans-serif;font-weight:600;font-style:normal;line-height:34px;text-align:center;padding:0px 30px 0px 30px;margin:40px 0px 0px 0px;text-transform:none;}#cbpw-loadMore76 .cbp-l-loadMore-loading:hover {color:#212121;background-color:transparent;border-width:2px 2px 2px 2px;border-style:solid;border-color:#303030;font-size:12px;font-family:Montserrat,sans-serif;font-weight:600;font-style:normal;line-height:34px;text-align:center;padding:0px 30px 0px 30px;margin:40px 0px 0px 0px;text-transform:none;}#cbpw-loadMore76 .cbp-l-loadMore-stop {color:#B0B0B0;background-color:transparent;border-width:1px 1px 1px 1px;border-style:solid;border-color:#DEDEDE;font-size:12px;font-family:Montserrat,sans-serif;font-weight:600;font-style:normal;line-height:34px;text-align:center;padding:0px 30px 0px 30px;margin:40px 0px 0px 0px;text-transform:none;}#cbpw-loadMore76 .cbp-l-loadMore-stop:hover {color:#B0B0B0;background-color:transparent;border-width:1px 1px 1px 1px;border-style:solid;border-color:#DEDEDE;font-size:12px;font-family:Montserrat,sans-serif;font-weight:600;font-style:normal;line-height:34px;text-align:center;padding:0px 30px 0px 30px;margin:40px 0px 0px 0px;text-transform:none;}#cbpw-singlePage76 .cbp-popup-navigation-wrap {background-color:#34425C;}#cbpw-singlePage76 .cbp-popup-singlePage-counter {color:#bbc0df;font-size:13px;font-family:Open Sans;font-weight:400;font-style:normal;}<\/style><link rel=\"stylesheet\" href=\"\/\/fonts.googleapis.com\/css?family=Open+Sans:600normal,400normal\" type=\"text\/css\" media=\"all\" property=\"stylesheet\"><link rel=\"stylesheet\" href=\"\/\/fonts.googleapis.com\/css?family=Montserrat:600normal\" type=\"text\/css\" media=\"all\" property=\"stylesheet\"><div id=\"cbpw-wrap76\"><div id=\"cbpw-grid76\" class=\"cbp-l-grid-gallery cbp\"><div><div class=\"cbp-item des-project future-skills-class mockups\"><a href=\"\/\/futureskillsnavigator.com\/download\/uebungen-selbstmanagement\/?tmstv=1673832950\" target=\"_blank\" class=\"cbp-caption cbp-simpleLink\" data-title=\"Kompetenzen zumSelbstmanagement\"><div class=\"cbp-caption-defaultWrap\"><img decoding=\"async\" src=\"\/\/futureskillsnavigator.com\/wp-content\/uploads\/2023\/01\/self-management-thumbnail.jpg\" alt=\"\"><\/div><div class=\"cbp-caption-activeWrap\"><div class=\"cbp-l-caption-alignLeft\"><div class=\"cbp-l-caption-body\"><div class=\"cbp-l-caption-title\">Kompetenzen zum<br>\nSelbstmanagement\n<br><br>\n<span style=\"font-size: 12px; font-weight: 500;\">rational + ich<\/span><\/div><\/div><\/div><\/div><\/a><\/div><div class=\"cbp-item des-project future-skills-class mockups\"><a href=\"\/\/futureskillsnavigator.com\/download\/uebungen-interessensausgleich\/?tmstv=1673833340\" target=\"_blank\" class=\"cbp-caption cbp-simpleLink\" data-title=\"Kompetenzen zumSelbstmanagement\"><div class=\"cbp-caption-defaultWrap\"><img decoding=\"async\" src=\"\/\/futureskillsnavigator.com\/wp-content\/uploads\/2023\/01\/balancing-interests-thumbnail.jpg\" alt=\"\"><\/div><div class=\"cbp-caption-activeWrap\"><div class=\"cbp-l-caption-alignLeft\"><div class=\"cbp-l-caption-body\"><div class=\"cbp-l-caption-title\">Kompetenzen zum<br>\nInteressensausgleich\n<br><br>\n<span style=\"font-size: 12px; font-weight: 500;\">rational + du<\/span><\/div><\/div><\/div><\/div><\/a><\/div><div class=\"cbp-item des-project future-skills-class mockups\"><a href=\"\/\/futureskillsnavigator.com\/download\/uebungen-projekt-und-teammanagement\/?tmstv=1673833465\" target=\"_blank\" class=\"cbp-caption cbp-simpleLink\" data-title=\"Kompetenzen zumSelbstmanagement\"><div class=\"cbp-caption-defaultWrap\"><img decoding=\"async\" src=\"\/\/futureskillsnavigator.com\/wp-content\/uploads\/2023\/01\/project-team-management-thumbnail.jpg\" alt=\"\"><\/div><div class=\"cbp-caption-activeWrap\"><div class=\"cbp-l-caption-alignLeft\"><div class=\"cbp-l-caption-body\"><div class=\"cbp-l-caption-title\">Projekt- und Teammanagement-<br>\nkompetenzen\n<br><br>\n<span style=\"font-size: 12px; font-weight: 500;\">rational + wir<\/span><\/div><\/div><\/div><\/div><\/a><\/div><div class=\"cbp-item des-project future-skills-class mockups\"><a href=\"\/\/futureskillsnavigator.com\/download\/uebungen-systemisches-denken\/?tmstv=1674563418\" target=\"_blank\" class=\"cbp-caption cbp-simpleLink\" data-title=\"Kompetenzen zumSelbstmanagement\"><div class=\"cbp-caption-defaultWrap\"><img decoding=\"async\" src=\"\/\/futureskillsnavigator.com\/wp-content\/uploads\/2023\/01\/systems-thinking-thumbnail.jpg\" alt=\"\"><\/div><div class=\"cbp-caption-activeWrap\"><div class=\"cbp-l-caption-alignLeft\"><div class=\"cbp-l-caption-body\"><div class=\"cbp-l-caption-title\">Kompetenzen zum<br>systemischen Denken\n<br><br>\n<span style=\"font-size: 12px; font-weight: 500;\">rational + alle(s)<\/span><\/div><\/div><\/div><\/div><\/a><\/div><div class=\"cbp-item des-project future-skills-class mockups\"><a href=\"\/\/futureskillsnavigator.com\/download\/uebungen-selbstwahrnehmung\/?tmstv=1673833097\" target=\"_blank\" class=\"cbp-caption cbp-simpleLink\" data-title=\"Kompetenzen zumSelbstmanagement\"><div class=\"cbp-caption-defaultWrap\"><img decoding=\"async\" src=\"\/\/futureskillsnavigator.com\/wp-content\/uploads\/2023\/01\/self-awareness-thumbnail.jpg\" alt=\"\"><\/div><div class=\"cbp-caption-activeWrap\"><div class=\"cbp-l-caption-alignLeft\"><div class=\"cbp-l-caption-body\"><div class=\"cbp-l-caption-title\">Kompetenzen zur<br>Selbstwahrnehmung\n<br><br>\n<span style=\"font-size: 12px; font-weight: 500;\">emotional + ich<\/span><\/div><\/div><\/div><\/div><\/a><\/div><div class=\"cbp-item des-project future-skills-class mockups\"><a href=\"\/\/futureskillsnavigator.com\/download\/uebungen-beziehung\/?tmstv=1673833374\" target=\"_blank\" class=\"cbp-caption cbp-simpleLink\" data-title=\"Kompetenzen zumSelbstmanagement\"><div class=\"cbp-caption-defaultWrap\"><img decoding=\"async\" src=\"\/\/futureskillsnavigator.com\/wp-content\/uploads\/2023\/01\/relationship-thumbnail.jpg\" alt=\"\"><\/div><div class=\"cbp-caption-activeWrap\"><div class=\"cbp-l-caption-alignLeft\"><div class=\"cbp-l-caption-body\"><div class=\"cbp-l-caption-title\">Beziehungs-<br>kompetenzen\n<br><br>\n<span style=\"font-size: 12px; font-weight: 500;\">emotional + du<\/span><\/div><\/div><\/div><\/div><\/a><\/div><div class=\"cbp-item des-project future-skills-class mockups\"><a href=\"\/\/futureskillsnavigator.com\/download\/uebungen-team-und-community\/?tmstv=1673833499\" target=\"_blank\" class=\"cbp-caption cbp-simpleLink\" data-title=\"Kompetenzen zumSelbstmanagement\"><div class=\"cbp-caption-defaultWrap\"><img decoding=\"async\" src=\"\/\/futureskillsnavigator.com\/wp-content\/uploads\/2023\/01\/team-community-thumbnail.jpg\" alt=\"\"><\/div><div class=\"cbp-caption-activeWrap\"><div class=\"cbp-l-caption-alignLeft\"><div class=\"cbp-l-caption-body\"><div class=\"cbp-l-caption-title\">Team- und Community<br>kompetenzen\n<br><br>\n<span style=\"font-size: 12px; font-weight: 500;\">emotional + wir<\/span><\/div><\/div><\/div><\/div><\/a><\/div><div class=\"cbp-item des-project future-skills-class mockups\"><a href=\"\/\/futureskillsnavigator.com\/download\/uebungen-globales-bewusstsein\/?tmstv=1674563463\" target=\"_blank\" class=\"cbp-caption cbp-simpleLink\" data-title=\"Kompetenzen zumSelbstmanagement\"><div class=\"cbp-caption-defaultWrap\"><img decoding=\"async\" src=\"\/\/futureskillsnavigator.com\/wp-content\/uploads\/2023\/01\/global-awareness-thumbnail.jpg\" alt=\"\"><\/div><div class=\"cbp-caption-activeWrap\"><div class=\"cbp-l-caption-alignLeft\"><div class=\"cbp-l-caption-body\"><div class=\"cbp-l-caption-title\">Kompetenzen f\u00fcr<br> \nglobales Bewusstsein\n<br><br>\n<span style=\"font-size: 12px; font-weight: 500;\">emotional + alle(s)<\/span><\/div><\/div><\/div><\/div><\/a><\/div><div class=\"cbp-item des-project future-skills-class mockups\"><a href=\"\/\/futureskillsnavigator.com\/download\/uebungen-sinn-und-selbstantrieb\/?tmstv=1673833219\" target=\"_blank\" class=\"cbp-caption cbp-simpleLink\" data-title=\"Kompetenzen zumSelbstmanagement\"><div class=\"cbp-caption-defaultWrap\"><img decoding=\"async\" src=\"\/\/futureskillsnavigator.com\/wp-content\/uploads\/2023\/01\/self-motivation-thumbnail.jpg\" alt=\"\"><\/div><div class=\"cbp-caption-activeWrap\"><div class=\"cbp-l-caption-alignLeft\"><div class=\"cbp-l-caption-body\"><div class=\"cbp-l-caption-title\">Kompetenzen f\u00fcr<br>\nSinn und Selbstantrieb\n<br><br>\n<span style=\"font-size: 12px; font-weight: 500;\">spirituell + ich<\/span><\/div><\/div><\/div><\/div><\/a><\/div><div class=\"cbp-item des-project future-skills-class mockups\"><a href=\"\/\/futureskillsnavigator.com\/download\/uebungen-fuehrung\/?tmstv=1673833422\" target=\"_blank\" class=\"cbp-caption cbp-simpleLink\" data-title=\"Kompetenzen zumSelbstmanagement\"><div class=\"cbp-caption-defaultWrap\"><img decoding=\"async\" src=\"\/\/futureskillsnavigator.com\/wp-content\/uploads\/2023\/01\/leadership-thumbnail.jpg\" alt=\"\"><\/div><div class=\"cbp-caption-activeWrap\"><div class=\"cbp-l-caption-alignLeft\"><div class=\"cbp-l-caption-body\"><div class=\"cbp-l-caption-title\">F\u00fchrungskompetenzen \n<br><br>\n<span style=\"font-size: 12px; font-weight: 500;\">spirituell + du<\/span><\/div><\/div><\/div><\/div><\/a><\/div><div class=\"cbp-item des-project future-skills-class mockups\"><a href=\"\/\/futureskillsnavigator.com\/download\/uebungen-vision-und-langzeitorientierung\/?tmstv=1673833535\" target=\"_blank\" class=\"cbp-caption cbp-simpleLink\" data-title=\"Kompetenzen zumSelbstmanagement\"><div class=\"cbp-caption-defaultWrap\"><img decoding=\"async\" src=\"\/\/futureskillsnavigator.com\/wp-content\/uploads\/2023\/01\/vision-strategy-thumbnail.jpg\" alt=\"\"><\/div><div class=\"cbp-caption-activeWrap\"><div class=\"cbp-l-caption-alignLeft\"><div class=\"cbp-l-caption-body\"><div class=\"cbp-l-caption-title\">Kompetenzen f\u00fcr<br>Vision und Langzeitorientierung\n<br><br>\n<span style=\"font-size: 12px; font-weight: 500;\">spirituell + wir<\/span><\/div><\/div><\/div><\/div><\/a><\/div><div class=\"cbp-item des-project future-skills-class mockups\"><a href=\"\/\/futureskillsnavigator.com\/download\/uebungen-verantwortung\/?tmstv=1674563504\" target=\"_blank\" class=\"cbp-caption cbp-simpleLink\" data-title=\"Kompetenzen zumSelbstmanagement\"><div class=\"cbp-caption-defaultWrap\"><img decoding=\"async\" src=\"\/\/futureskillsnavigator.com\/wp-content\/uploads\/2023\/01\/stewardship-thumbnail.jpg\" alt=\"\"><\/div><div class=\"cbp-caption-activeWrap\"><div class=\"cbp-l-caption-alignLeft\"><div class=\"cbp-l-caption-body\"><div class=\"cbp-l-caption-title\">Verantwortungs-<br>\nkompetenzen \n<br><br>\n<span style=\"font-size: 12px; font-weight: 500;\">spirituell + alle(s)<\/span><\/div><\/div><\/div><\/div><\/a><\/div><div class=\"cbp-item des-project future-skills-class mockups\"><a href=\"\/\/futureskillsnavigator.com\/download\/uebungen-selbstentwicklung\/?tmstv=1673833251\" target=\"_blank\" class=\"cbp-caption cbp-simpleLink\" data-title=\"Kompetenzen zumSelbstmanagement\"><div class=\"cbp-caption-defaultWrap\"><img decoding=\"async\" src=\"\/\/futureskillsnavigator.com\/wp-content\/uploads\/2023\/01\/self-development-thumbnail.jpg\" alt=\"\"><\/div><div class=\"cbp-caption-activeWrap\"><div class=\"cbp-l-caption-alignLeft\"><div class=\"cbp-l-caption-body\"><div class=\"cbp-l-caption-title\">Kompetenzen zur<br>\nSelbstentwicklung  \n<br><br>\n<span style=\"font-size: 12px; font-weight: 500;\">transformational + ich<\/span><\/div><\/div><\/div><\/div><\/a><\/div><div class=\"cbp-item des-project future-skills-class mockups\"><a href=\"\/\/futureskillsnavigator.com\/download\/uebungen-befaehigungskompetenzen\/?tmstv=1674563354\" target=\"_blank\" class=\"cbp-caption cbp-simpleLink\" data-title=\"Kompetenzen zumSelbstmanagement\"><div class=\"cbp-caption-defaultWrap\"><img decoding=\"async\" src=\"\/\/futureskillsnavigator.com\/wp-content\/uploads\/2023\/01\/empowerment-thumbnail.jpg\" alt=\"\"><\/div><div class=\"cbp-caption-activeWrap\"><div class=\"cbp-l-caption-alignLeft\"><div class=\"cbp-l-caption-body\"><div class=\"cbp-l-caption-title\">Bef\u00e4higungs-<br>\nkompetenzen\n<br><br>\n<span style=\"font-size: 12px; font-weight: 500;\">transformational + du<\/span><\/div><\/div><\/div><\/div><\/a><\/div><div class=\"cbp-item des-project future-skills-class mockups\"><a href=\"\/\/futureskillsnavigator.com\/download\/uebungen-innovation-und-organisation\/?tmstv=1673833569\" target=\"_blank\" class=\"cbp-caption cbp-simpleLink\" data-title=\"Kompetenzen zumSelbstmanagement\"><div class=\"cbp-caption-defaultWrap\"><img decoding=\"async\" src=\"\/\/futureskillsnavigator.com\/wp-content\/uploads\/2023\/01\/innovation-thumbnail.jpg\" alt=\"\"><\/div><div class=\"cbp-caption-activeWrap\"><div class=\"cbp-l-caption-alignLeft\"><div class=\"cbp-l-caption-body\"><div class=\"cbp-l-caption-title\">Innovations- und Organisations-<br>\nkompetenzen\n<br><br>\n<span style=\"font-size: 12px; font-weight: 500;\">transformational + wir<\/span><\/div><\/div><\/div><\/div><\/a><\/div><div class=\"cbp-item des-project future-skills-class mockups\"><a href=\"\/\/futureskillsnavigator.com\/download\/uebungen-transformation\/?tmstv=1674563758\" target=\"_blank\" class=\"cbp-caption cbp-simpleLink\" data-title=\"Kompetenzen zumSelbstmanagement\"><div class=\"cbp-caption-defaultWrap\"><img decoding=\"async\" src=\"\/\/futureskillsnavigator.com\/wp-content\/uploads\/2023\/01\/transformation-thumbnail.jpg\" alt=\"\"><\/div><div class=\"cbp-caption-activeWrap\"><div class=\"cbp-l-caption-alignLeft\"><div class=\"cbp-l-caption-body\"><div class=\"cbp-l-caption-title\">Transformations-<br>\nkompetenzen\n<br><br>\n<span style=\"font-size: 12px; font-weight: 500;\">transformational + alle(s)<\/span><\/div><\/div><\/div><\/div><\/a><\/div><\/div><\/div><\/div><script type=\"text\/javascript\">this.initCubePortfolio =  this.initCubePortfolio || []; this.initCubePortfolio.push({id: 76, options: {\"filters\":\"\",\"loadMore\":\"\",\"loadMoreAction\":\"click\",\"search\":\"\",\"layoutMode\":\"grid\",\"sortToPreventGaps\":false,\"drag\":true,\"auto\":false,\"autoTimeout\":5000,\"autoPauseOnHover\":true,\"showNavigation\":true,\"showPagination\":true,\"rewindNav\":true,\"scrollByPage\":false,\"defaultFilter\":\"*\",\"filterDeeplinking\":false,\"animationType\":\"quicksand\",\"gridAdjustment\":\"responsive\",\"mediaQueries\":[{\"width\":1400,\"cols\":4},{\"width\":1170,\"cols\":4},{\"width\":1024,\"cols\":4},{\"width\":960,\"cols\":4},{\"width\":778,\"cols\":3},{\"width\":640,\"cols\":2},{\"width\":480,\"cols\":1}],\"gapHorizontal\":0,\"gapVertical\":0,\"caption\":\"zoom\",\"displayType\":\"bottomToTop\",\"displayTypeSpeed\":100,\"lightboxDelegate\":\".cbp-lightbox\",\"lightboxGallery\":true,\"lightboxTitleSrc\":\"data-title\",\"lightboxCounter\":\"<div class=\\\"cbp-popup-lightbox-counter\\\">{{current}} of {{total}}<\/div>\",\"singlePageDelegate\":\".cbp-singlePage\",\"singlePageDeeplinking\":true,\"singlePageStickyNavigation\":true,\"singlePageCounter\":\"<div class=\\\"cbp-popup-singlePage-counter\\\">{{current}} of {{total}}<\/div>\",\"singlePageAnimation\":\"middle\",\"singlePageInlineDelegate\":\".cbp-singlePageInline\",\"singlePageInlineDeeplinking\":false,\"singlePageInlinePosition\":\"below\",\"singlePageInlineInFocus\":true,\"plugins\":{},\"cols\":3,\"coverRatio\":\"\",\"displayItemsLoadMore\":3}});<\/script>[\/vc_column][\/vc_row][vc_row][vc_column][vc_column_text]<\/p>\n<p>[\/vc_column_text][\/vc_column][\/vc_row]<\/p>\n<\/section>","protected":false},"excerpt":{"rendered":"<p>[vc_row][vc_column][vc_custom_heading text=&#8220;IHR DOWNLOAD IST IN WENIGEN TAGEN VERF\u00dcGBAR&#8220; font_container=&#8220;tag:h4|text_align:center|color:%23ffffff&#8220; use_theme_fonts=&#8220;yes&#8220;][vc_column_text] Die \u00dcbungen zu dieser Skill-Klasse stellen wir in wenigen Tagen zur Verf\u00fcgung. W\u00e4hlen Sie solange doch eine andere Skill-Klasse aus! [\/vc_column_text][vc_empty_space height=&#8220;40&#8243;][\/vc_column][\/vc_row][vc_row][vc_column][vc_column_text] [\/vc_column_text][\/vc_column][\/vc_row]<\/p>\n","protected":false},"author":1,"featured_media":0,"parent":0,"menu_order":0,"comment_status":"closed","ping_status":"closed","template":"page.php","meta":{"footnotes":""},"folder":[63],"class_list":["post-1714","page","type-page","status-publish","hentry"],"_links":{"self":[{"href":"https:\/\/futureskillsnavigator.com\/de\/wp-json\/wp\/v2\/pages\/1714","targetHints":{"allow":["GET"]}}],"collection":[{"href":"https:\/\/futureskillsnavigator.com\/de\/wp-json\/wp\/v2\/pages"}],"about":[{"href":"https:\/\/futureskillsnavigator.com\/de\/wp-json\/wp\/v2\/types\/page"}],"author":[{"embeddable":true,"href":"https:\/\/futureskillsnavigator.com\/de\/wp-json\/wp\/v2\/users\/1"}],"replies":[{"embeddable":true,"href":"https:\/\/futureskillsnavigator.com\/de\/wp-json\/wp\/v2\/comments?post=1714"}],"version-history":[{"count":3,"href":"https:\/\/futureskillsnavigator.com\/de\/wp-json\/wp\/v2\/pages\/1714\/revisions"}],"predecessor-version":[{"id":1769,"href":"https:\/\/futureskillsnavigator.com\/de\/wp-json\/wp\/v2\/pages\/1714\/revisions\/1769"}],"wp:attachment":[{"href":"https:\/\/futureskillsnavigator.com\/de\/wp-json\/wp\/v2\/media?parent=1714"}],"wp:term":[{"taxonomy":"folder","embeddable":true,"href":"https:\/\/futureskillsnavigator.com\/de\/wp-json\/wp\/v2\/folder?post=1714"}],"curies":[{"name":"wp","href":"https:\/\/api.w.org\/{rel}","templated":true}]}}