{"id":1013,"date":"2023-01-05T12:44:21","date_gmt":"2023-01-05T12:44:21","guid":{"rendered":"https:\/\/futureskillsnavigator.com\/?page_id=1013"},"modified":"2023-01-12T20:43:39","modified_gmt":"2023-01-12T20:43:39","slug":"downloads-anmeldung","status":"publish","type":"page","link":"https:\/\/futureskillsnavigator.com\/de\/downloads-anmeldung\/","title":{"rendered":"Downloads Anmeldung"},"content":{"rendered":"<section class=\"wpb-content-wrapper\"><p>[vc_row css=&#8220;.vc_custom_1481236650908{margin-top: 100px !important;margin-bottom: 100px !important;}&#8220;][vc_column width=&#8220;1\/2&#8243; css=&#8220;.vc_custom_1476030875969{padding-right: 20px !important;}&#8220;][vc_column_text]<\/p>\n<h5>IHRE KOSTENLOSEN DOWNLOADS SIND NUR NOCH DREI KLICKS ENTFERNT!<\/h5>\n<p><strong>Bitte melden Sie sich einmalig an.<\/strong> Das dauert weniger als eine Minute.<\/p>\n<ul>\n<li>Geben Sie rechts Ihre Daten ein, setzen das H\u00e4kchen und klicken auf \u00bbAnmelden\u00ab.<\/li>\n<li>Rufen Sie Ihre E-Mails ab. Klicken Sie auf den Best\u00e4tigungs-Link in der E-Mail, die Sie erhalten.<br \/>\n<em>(Wenn Sie keine E-Mail in Ihrem Posteingang finden, pr\u00fcfen Sie bitte den SPAM-Ordner. F\u00fcgen Sie uns dann am besten gleich zu den sicheren Absendern hinzu.)<\/em><\/li>\n<li>Das war&#8217;s auch schon! Greifen Sie auf alle Downloads ohne weitere Anmeldung zu.<\/li>\n<\/ul>\n<p>&nbsp;<\/p>\n<p>Sollten Sie Ihr Ger\u00e4t einmal wechseln oder Ihre Cookies l\u00f6schen, k\u00f6nnen Sie sich ganz einfach mit der gleichen E-Mail-Adresse wieder anmelden.[\/vc_column_text][\/vc_column][vc_column width=&#8220;1\/2&#8243; css=&#8220;.vc_custom_1476030881601{padding-left: 20px !important;}&#8220;]<div class=\"ult-spacer spacer-69ee41867fa8b\" data-id=\"69ee41867fa8b\" data-height=\"0\" data-height-mobile=\"40\" data-height-tab=\"\" data-height-tab-portrait=\"\" data-height-mobile-landscape=\"40\" style=\"clear:both;display:block;\"><\/div>[vc_column_text]<script>(function() {\n\twindow.mc4wp = window.mc4wp || {\n\t\tlisteners: [],\n\t\tforms: {\n\t\t\ton: function(evt, cb) {\n\t\t\t\twindow.mc4wp.listeners.push(\n\t\t\t\t\t{\n\t\t\t\t\t\tevent   : evt,\n\t\t\t\t\t\tcallback: cb\n\t\t\t\t\t}\n\t\t\t\t);\n\t\t\t}\n\t\t}\n\t}\n})();\n<\/script><!-- Mailchimp for WordPress v4.12.2 - https:\/\/wordpress.org\/plugins\/mailchimp-for-wp\/ --><form id=\"mc4wp-form-1\" class=\"mc4wp-form mc4wp-form-1017\" method=\"post\" data-id=\"1017\" data-name=\"Anmeldung\" ><div class=\"mc4wp-form-fields\"><h6 class=\"skills\">E-Mail \/ email address (*)<\/h6>\r\n  <input type=\"email\" name=\"EMAIL\" required \/>\r\n\r\n<br\/>\r\n\r\n<h6 class=\"skills\">Vorname \/ first name<\/h6>\r\n  <input type=\"text\" name=\"FNAME\" \/>\r\n  \r\n<br\/>\r\n\r\n<h6 class=\"skills\">Nachname \/ last name<\/h6>\r\n  <input type=\"text\" name=\"LNAME\" \/>\r\n  \r\n<br\/>\r\n\r\n\r\n<h6 class=\"skills\">Einverst\u00e4ndnis \/ Consent (*)<\/h6>\r\n\r\n\r\n<input type=\"checkbox\" id=\"consent\" name=\"consent\" value=\"yes\" required>\r\n<p>Ich m\u00f6chte auf die Future Skills Navigator-Downloads zugreifen und bin damit einverstanden, dass Sie mich regelm\u00e4\u00dfig \u00fcber neue Entwicklungen und Tools rund um den Future Skills Navigator per E-Mail informieren.<br\/>\r\nI would like to access the Future Skills Navigator downloads and I agree that you will inform me regularly by e-mail about new developments and tools relating to the Future Skills Navigator.<\/p>\r\n  \r\n<p>Ich kann jederzeit form- und kostenlos widersprechen. N\u00e4heres entnehmen Sie bitte unserer <a href=\"https:\/\/futureskillsnavigator.com\/de\/datenschutz\/\" target=\"_blank\"><u>Datenschutzerkl\u00e4rung<\/u><\/a>.<br\/>\r\nI can object formally and free of charge at any time. For more information, please refer to our <a href=\"https:\/\/futureskillsnavigator.com\/en\/datenschutz\/\" target=\"_blank\"><u>privacy policy<\/u><\/a>.<\/p>\r\n\r\n<br\/>\r\n \r\n  <input type=\"submit\" value=\"Anmelden \/ Register\">\r\n  <\/div><label style=\"display: none !important;\">Wenn du ein Mensch bist, lasse das Feld leer: <input type=\"text\" name=\"_mc4wp_honeypot\" value=\"\" tabindex=\"-1\" autocomplete=\"off\" \/><\/label><input type=\"hidden\" name=\"_mc4wp_timestamp\" value=\"1777222022\" \/><input type=\"hidden\" name=\"_mc4wp_form_id\" value=\"1017\" \/><input type=\"hidden\" name=\"_mc4wp_form_element_id\" value=\"mc4wp-form-1\" \/><div class=\"mc4wp-response\"><\/div><\/form><!-- \/ Mailchimp for WordPress Plugin -->[\/vc_column_text][\/vc_column][\/vc_row]<\/p>\n<\/section>","protected":false},"excerpt":{"rendered":"<p>[vc_row css=&#8220;.vc_custom_1481236650908{margin-top: 100px !important;margin-bottom: 100px !important;}&#8220;][vc_column width=&#8220;1\/2&#8243; css=&#8220;.vc_custom_1476030875969{padding-right: 20px !important;}&#8220;][vc_column_text] IHRE KOSTENLOSEN DOWNLOADS SIND NUR NOCH DREI KLICKS ENTFERNT! Bitte melden Sie sich einmalig an. Das dauert weniger als eine Minute. Geben Sie rechts Ihre Daten ein, setzen das H\u00e4kchen und klicken auf \u00bbAnmelden\u00ab. Rufen Sie Ihre E-Mails ab. Klicken Sie auf den Best\u00e4tigungs-Link in [&hellip;]<\/p>\n","protected":false},"author":1,"featured_media":0,"parent":0,"menu_order":0,"comment_status":"closed","ping_status":"closed","template":"page.php","meta":{"footnotes":""},"folder":[63],"class_list":["post-1013","page","type-page","status-publish","hentry"],"_links":{"self":[{"href":"https:\/\/futureskillsnavigator.com\/de\/wp-json\/wp\/v2\/pages\/1013","targetHints":{"allow":["GET"]}}],"collection":[{"href":"https:\/\/futureskillsnavigator.com\/de\/wp-json\/wp\/v2\/pages"}],"about":[{"href":"https:\/\/futureskillsnavigator.com\/de\/wp-json\/wp\/v2\/types\/page"}],"author":[{"embeddable":true,"href":"https:\/\/futureskillsnavigator.com\/de\/wp-json\/wp\/v2\/users\/1"}],"replies":[{"embeddable":true,"href":"https:\/\/futureskillsnavigator.com\/de\/wp-json\/wp\/v2\/comments?post=1013"}],"version-history":[{"count":10,"href":"https:\/\/futureskillsnavigator.com\/de\/wp-json\/wp\/v2\/pages\/1013\/revisions"}],"predecessor-version":[{"id":1555,"href":"https:\/\/futureskillsnavigator.com\/de\/wp-json\/wp\/v2\/pages\/1013\/revisions\/1555"}],"wp:attachment":[{"href":"https:\/\/futureskillsnavigator.com\/de\/wp-json\/wp\/v2\/media?parent=1013"}],"wp:term":[{"taxonomy":"folder","embeddable":true,"href":"https:\/\/futureskillsnavigator.com\/de\/wp-json\/wp\/v2\/folder?post=1013"}],"curies":[{"name":"wp","href":"https:\/\/api.w.org\/{rel}","templated":true}]}}